{"id":2407,"date":"2023-10-02T10:48:21","date_gmt":"2023-10-02T10:48:21","guid":{"rendered":"https:\/\/melitta-klinik.it\/privacy-policy\/"},"modified":"2023-10-02T10:48:21","modified_gmt":"2023-10-02T10:48:21","slug":"privacy-policy","status":"publish","type":"page","link":"https:\/\/melitta-klinik.it\/en\/privacy-policy\/","title":{"rendered":"Privacy Policy"},"content":{"rendered":"[vc_row type=&#8221;full_width_background&#8221; full_screen_row_position=&#8221;middle&#8221; column_margin=&#8221;default&#8221; column_direction=&#8221;default&#8221; column_direction_tablet=&#8221;default&#8221; column_direction_phone=&#8221;default&#8221; scene_position=&#8221;center&#8221; top_padding=&#8221;5%&#8221; constrain_group_1=&#8221;yes&#8221; bottom_padding=&#8221;5%&#8221; text_color=&#8221;dark&#8221; text_align=&#8221;left&#8221; row_border_radius=&#8221;none&#8221; row_border_radius_applies=&#8221;bg&#8221; overflow=&#8221;visible&#8221; overlay_strength=&#8221;0.3&#8243; gradient_direction=&#8221;left_to_right&#8221; shape_divider_position=&#8221;bottom&#8221; bg_image_animation=&#8221;none&#8221; gradient_type=&#8221;default&#8221; shape_type=&#8221;&#8221;][vc_column column_padding=&#8221;no-extra-padding&#8221; column_padding_tablet=&#8221;inherit&#8221; column_padding_phone=&#8221;inherit&#8221; column_padding_position=&#8221;all&#8221; column_element_direction_desktop=&#8221;default&#8221; column_element_spacing=&#8221;default&#8221; desktop_text_alignment=&#8221;default&#8221; tablet_text_alignment=&#8221;default&#8221; phone_text_alignment=&#8221;default&#8221; background_color_opacity=&#8221;1&#8243; background_hover_color_opacity=&#8221;1&#8243; column_backdrop_filter=&#8221;none&#8221; column_shadow=&#8221;none&#8221; column_border_radius=&#8221;none&#8221; column_link_target=&#8221;_self&#8221; column_position=&#8221;default&#8221; gradient_direction=&#8221;left_to_right&#8221; overlay_strength=&#8221;0.3&#8243; width=&#8221;1\/1&#8243; tablet_width_inherit=&#8221;default&#8221; animation_type=&#8221;default&#8221; bg_image_animation=&#8221;none&#8221; border_type=&#8221;simple&#8221; column_border_width=&#8221;none&#8221; column_border_style=&#8221;solid&#8221;][vc_column_text css=&#8221;&#8221; text_direction=&#8221;default&#8221;]\n<div class=\"fusion-fullwidth fullwidth-box fusion-builder-row-1 fusion-flex-container nonhundred-percent-fullwidth non-hundred-percent-height-scrolling\">\n<div class=\"fusion-builder-row fusion-row fusion-flex-align-items-flex-start\">\n<div class=\"fusion-layout-column fusion_builder_column fusion-builder-column-0 fusion_builder_column_1_1 1_1 fusion-flex-column\">\n<div class=\"fusion-column-wrapper fusion-flex-justify-content-flex-start fusion-content-layout-column\">\n<div class=\"fusion-text fusion-text-1\">\n<p>Titolare del trattamento dei dati:<\/p>\n<p><strong>VBH Italia Srl<\/strong><\/p>\n<p>Via Macello, 26\/C \u2013 39100 Bolzano (BZ) \u2013 Italia<\/p>\n<p>Sito web di riferimento: <a href=\"https:\/\/www.melitta-klinik.it\">www.melitta-klinik.it<\/a><\/p>\n<p>Indirizzo email del Titolare: <a href=\"mailto:contabilita@melitta-klinik.it\">contabilita@melitta-klinik.it<\/a><\/p>\n<p>P.I. e C.F. IT01075520211<\/p>\n<p><em><strong>di seguito identificato come \u201ctitolare\u201d<\/strong><\/em><\/p>\n<\/div>\n<div class=\"fusion-text fusion-text-2\">\n<p>Ultimo aggiornamento: 25 Maggio 2018<\/p>\n<\/div>\n<\/div>\n<\/div>\n<\/div>\n<\/div>\n<div class=\"fusion-fullwidth fullwidth-box fusion-builder-row-2 fusion-flex-container nonhundred-percent-fullwidth non-hundred-percent-height-scrolling\">\n<div class=\"fusion-builder-row fusion-row fusion-flex-align-items-flex-start\">\n<div class=\"fusion-layout-column fusion_builder_column fusion-builder-column-1 fusion_builder_column_1_3 1_3 fusion-flex-column\">\n<div class=\"fusion-column-wrapper fusion-flex-justify-content-flex-start fusion-content-layout-column\">\n<div class=\"fusion-text fusion-text-3\">\n<h2 class=\"fusion-responsive-typography-calculated\" data-fontsize=\"35\" data-lineheight=\"35px\">Informativa privacy ai sensi degli artt. 13-14 del Regolamento Europeo \u201cPrivacy\u201d (GDPR)<\/h2>\n<p>I dati personali da Lei inseriti, sono trattati da titolere dei Dati indicato in cima alla pagina, per finalit\u00e0 connesse alla fornitura dei servizi da Lei richiesti ( ad esempio: richiedere informazioni, ottenere preventivi, registrarsi al sito per ricevere vantaggi e offerte, effettuare acquisti e riceverli presso un domicilio da Lei indicato). Inoltre, i dati da Lei forniti, potrebbero essere trattati, solo su Suo esplicito consenso, al fine di inviarLe comunicazioni di natura commerciale. Nel primo caso, la base giuridica del trattamento \u00e8 l\u2019esecuzione di un accordo; nel secondo caso \u00e8 il consenso. I trattamenti avverranno con modalit\u00e0 elettroniche e verranno messi a disposizione delle terze parti (Responsabili Esterni del trattamento) nell\u2019ambito dell\u2019Unione Europea, regolarmente contrattualizzate dal Titolare e che offrono adeguate garanzie di sicurezza, necessarie per la fornitura di servizi essenziali al soddisfacimento delle Sue esigenze. Tali Responsabili Esterni, il cui elenco \u00e8 disponibile dietro richiesta, possono appartenere a categorie di soggetti che supportano il Titolare nell\u2019erogazione dei servizi offerti tramite il presente sito (quali, a titolo esemplificativo: sviluppatori software e gestori di siti web, spedizionieri). Qualora per questioni di natura tecnica e\/o operativa si renda necessario avvalersi di soggetti ubicati al di fuori dell\u2019Unione Europea, oppure si renda necessario trasferire alcuni dei dati raccolti verso sistemi tecnici e servizi gestiti in <em>cloud<\/em> e localizzati al di fuori dell\u2019area dell\u2019Unione Europea, il trattamento sar\u00e0 regolato in conformit\u00e0 a quanto previsto dal capo V del Regolamento e autorizzato in base a specifiche decisioni dell\u2019Unione Europea. Saranno quindi adottate tutte le cautele necessarie al fine di garantire la pi\u00f9 totale protezione dei dati personali basando tale trasferimento: a) su decisioni di adeguatezza dei paesi terzi destinatari espressi dalla Commissione Europea; b) su garanzie adeguate espresse dal soggetto terzo destinatario ai sensi dell\u2019art. 46 del Regolamento; c) sull\u2019adozione di norme vincolanti d\u2019impresa, cd. <em>Corporate binding rules<\/em>. Inoltre saranno trattati per finalit\u00e0 di analisi statistiche e di marketing diretto, in maniera anonima, come meglio specificato dalla cookie policy. Trattasi pertanto di trattamenti legittimi e necessari ad assicurarLe un servizio che risponda alle Sue aspettative. I dati saranno conservati per tutta la durata dei servizi da Lei richiesti o per periodi superiori solo se previsti dalle norme vigenti. I tuoi dati personali non saranno diffusi, ma potranno essere comunicati ove necessario per l\u2019erogazione del servizio a soggetti terzi (come fornitori di servizi tecnici terzi, corrieri postali, hosting provider, societ\u00e0 informatiche) nominati, se necessario, Responsabili del Trattamento da parte del titolare per i compiti di natura tecnica od organizzativa strumentali alla fornitura dei servizi. L\u2019accesso ai dati \u00e8 inoltre consentito a categorie di incaricati dal titolare coinvolti nell\u2019organizzazione per il trattamento dati (personale amministrativo, commerciale, marketing, servizio clienti, amministratori di sistema). L\u2019elenco aggiornato dei Responsabili potr\u00e0 sempre essere richiesto al Titolare del Trattamento. Resta salvo il diritto di comunicazione a soggetti terzi qualora tu abbia dato il consenso specifico e facoltativo. In ogni momento Lei potr\u00e0 esercitare i diritti previsti agli articoli 15-22 del GDPR contattando il titolare dei dati. Il titolare ti garantisce di poter esercitare in qualsiasi momento i diritti previsti dall\u2019art. 12 del GDPR. In particolare tu hai il diritto:<\/p>\n<ul>\n<li>di sapere se il Titolare detiene e\/o tratta dati personali relativi alla tua persona e ad accedervi integralmente anche ottenendone copia (art. 15 Diritto all\u2019accesso),<\/li>\n<li>alla rettifica dei dati personali inesatti o all\u2019integrazione dei dati personali incompleti (Art. 16 Diritto di rettifica);<\/li>\n<li>alla cancellazione dei dati personali in possesso del Titolare se sussiste uno dei motivi previsti dal GDPR (Diritto alla Cancellazione, 17);<\/li>\n<li>a chiedere al Titolare di limitare il trattamento solo ad alcuni dati personali, se sussiste uno dei motivi previsti dal Regolamento (Art. 18 Diritto alla limitazione del trattamento);<\/li>\n<li>di richiedere e ricevere tutti i tuoi dati personali trattati dal titolare, in formato strutturato, di uso comune e leggibili da dispositivo automatico oppure richiedere la trasmissione ad altro titolare senza impedimenti (Art. 20, Diritto alla Portabilit\u00e0);<\/li>\n<li>di opporti in tutto o in parte al trattamento dei dati per finalit\u00e0 di invio di materiale pubblicitario e ricerche di mercato (c.d. Consenso) (art. 21 Diritto di opposizione)<\/li>\n<li>di opporti in tutto o in parte al trattamento dei dati in modalit\u00e0 automatica o semiautomatica per finalit\u00e0 di profilazione (c.d. Consenso)<\/li>\n<\/ul>\n<p>L\u2019esercizio di questi diritti pu\u00f2 essere esercitato mediante comunicazione al Titolare del Trattamento\/Data Protection Officer i cui recapiti sono indicati nell\u2019apposita sezione di questa informativa. Inoltre tu hai sempre il diritto di proporre reclamo all\u2019Autorit\u00e0 Garante per la Protezione dei dati Personali, contattabile all\u2019indirizzo garante@gpdp.it o mediante il sito http:\/\/www.gpdp.it. Per modificare o cancellare i soli dati che sono archiviati sui sistemi del titolare, contattare il titolare. Le informazioni da lei inserite nel form (compreso il suo indirizzo email) potranno essere comunicate a una societ\u00e0 terza che agir\u00e0 in qualit\u00e0 di Responsabile esterno e che supporta il Titolare nella gestione del sito e nell\u2019evasione della sua richiesta. Nel caso di richiesta di cancellazione dei suoi dati, La informiamo che potrebbe non essere pi\u00f9 possibile continuare a fornirLe il servizio richiestoci.<\/p>\n<\/div>\n<\/div>\n<\/div>\n<div class=\"fusion-layout-column fusion_builder_column fusion-builder-column-2 fusion_builder_column_2_3 2_3 fusion-flex-column\">\n<div class=\"fusion-column-wrapper fusion-flex-justify-content-flex-start fusion-content-layout-column\">\n<div class=\"fusion-text fusion-text-4\">\n<h2 class=\"fusion-responsive-typography-calculated\" data-fontsize=\"35\" data-lineheight=\"35px\">Informativa Privacy e Cookie Policy per i visitatori del sito<\/h2>\n<p>I Cookie sono costituiti da porzioni di codice installate all\u2019interno del browser che assistono il Titolare nell\u2019erogazione del Servizio in base alle finalit\u00e0 descritte. Alcune delle finalit\u00e0 di installazione dei Cookie potrebbero, inoltre, necessitare del consenso dell\u2019Utente. Quando l\u2019installazione di Cookies avviene sulla base del consenso, tale consenso pu\u00f2 essere revocato liberamente in ogni momento seguendo le istruzioni contenute in questa pagina. Al fine di rendere pi\u00f9 comoda possibile la tua visita nel sito web del titolare, per la presentazione del suo assortimento di prodotti utilizziamo dei cookies e, occasionalmente, alcuni strumenti di analisi d\u2019uso delle nostre pagine web finalizzati al miglioramento della loro usabilit\u00e0. I cookie sono piccoli aggregati di testo registrati localmente nella memoria temporanea del tuo browser, e quindi nel tuo computer, per periodi di tempo variabili in funzione dell\u2019esigenza e generalmente compresi tra poche ore e alcuni anni, con l\u2019eccezione dei cookie di profilazione la cui durata massima \u00e8 di 365 giorni solari. Gli strumenti di analisi dell\u2019usabilit\u00e0 consistono di piccoli programmi software (script) attivati temporaneamente in alcune delle pagine del sito, i quali intercettano in modo del tutto anonimo un insieme di eventi di interazione con i contenuti (ad esempio il click, il percorso del mouse, il tempo speso dal mouse in una determinata posizione). Al termine delle attivit\u00e0 di raccolta, queste informazioni vengono aggregate e analizzate per comprendere come migliorare la struttura della pagina o del servizio. Il titolare non raccoglie il contenuto dei campi che Lei eventualmente ha compilato durante una di queste sessioni n\u00e9 alcuna altra informazione di carattere personale bens\u00ec solo informazioni di natura tecnica e operativa.L\u2019attivazione di questi script \u00e8 assoggettata all\u2019accettazione della politica sui cookie, essendo per tipologia di dato raccolto e modalit\u00e0 di esercizio a questi assimilabile. Mediante i cookie \u00e8 possibile registrare in modo semi-permanente informazioni relative alle tue preferenze e altri dati tecnici che permettono una navigazione pi\u00f9 agevole e una maggiore facilit\u00e0 d\u2019uso e efficacia del sito stesso. Ad esempio, i cookies possono essere usati per determinare se \u00e8 gi\u00e0 stata effettuata una connessione fra il tuo computer e i nostri siti per evidenziare le novit\u00e0 o mantenere le informazioni di \u201clogin\u201d. A tua garanzia, viene identificato solo il cookie memorizzato sul tuo computer. Oltre ai cookie, facciamo uso di script con finalit\u00e0 analoghe.<\/p>\n<h3 class=\"fusion-responsive-typography-calculated\" data-fontsize=\"30\" data-lineheight=\"33px\">Cookie tecnici e di statistica aggregata<\/h3>\n<h3 class=\"fusion-responsive-typography-calculated\" data-fontsize=\"30\" data-lineheight=\"33px\">Attivit\u00e0 strettamente necessarie al funzionamento<\/h3>\n<p>L\u2019applicazione del titolare utilizza Cookie per salvare la sessione dell\u2019Utente e per svolgere altre attivit\u00e0 strettamente necessarie al funzionamento di questa Applicazione, ad esempio in relazione alla distribuzione del traffico.<\/p>\n<h3 class=\"fusion-responsive-typography-calculated\" data-fontsize=\"30\" data-lineheight=\"33px\">Attivit\u00e0 di salvataggio delle preferenze, ottimizzazione e statistica<\/h3>\n<p>Questa Applicazione utilizza Cookie per salvare le preferenze di navigazione ed ottimizzare l\u2019esperienza di navigazione dell\u2019Utente. Fra questi Cookie rientrano, ad esempio, quelli per impostare la lingua e la valuta o per la gestione di statistiche da parte del Titolare del sito.<\/p>\n<h3 class=\"fusion-responsive-typography-calculated\" data-fontsize=\"30\" data-lineheight=\"33px\">Altre tipologie di Cookie o strumenti terzi che potrebbero installarne<\/h3>\n<p>Alcuni dei servizi elencati di seguito raccolgono statistiche in forma aggregata ed anonima e potrebbero non richiedere il consenso dell\u2019Utente o potrebbero essere gestiti direttamente dal Titolare \u2013 a seconda di quanto descritto \u2013 senza l\u2019ausilio di terzi. Qualora fra gli strumenti indicati in seguito fossero presenti servizi gestiti da terzi, questi potrebbero \u2013 in aggiunta a quanto specificato ed anche all\u2019insaputa del Titolare \u2013 compiere attivit\u00e0 di tracciamento dell\u2019Utente. Per informazioni dettagliate in merito, si consiglia di consultare le privacy policy dei servizi elencati.<\/p>\n<h3 class=\"fusion-responsive-typography-calculated\" data-fontsize=\"30\" data-lineheight=\"33px\">Interazione con social network e piattaforme esterne<\/h3>\n<p>Questo tipo di servizi permette di effettuare interazioni con i social network, o con altre piattaforme esterne, direttamente dalle pagine di questa Applicazione. Le interazioni e le informazioni acquisite da questa Applicazione sono in ogni caso soggette alle impostazioni privacy dell\u2019Utente relative ad ogni social network. Nel caso in cui sia installato un servizio di interazione con i social network, \u00e8 possibile che, anche nel caso gli Utenti non utilizzino il servizio, lo stesso raccolga dati di traffico relativi alle pagine in cui \u00e8 installato.<\/p>\n<h3 class=\"fusion-responsive-typography-calculated\" data-fontsize=\"30\" data-lineheight=\"33px\">Gestione dei cookie<\/h3>\n<p>Nel caso in cui tu abbia dubbi o preoccupazioni in merito all\u2019utilizzo dei cookie ti \u00e8 sempre possibile intervenire per impedirne l\u2019impostazione e la lettura, ad esempio modificando le impostazioni sulla privacy all\u2019interno del tuo browser al fine di bloccarne determinati tipi o utilizzando i pulsanti di rifiuto che RCS ti mette a disposizione in questa Informativa. Poich\u00e9 ciascun browser \u2013 e spesso diverse versioni dello stesso browser \u2013 differiscono anche sensibilmente le une dalle altre se preferisce agire autonomamente mediante le preferenze del tuo browser pu\u00f2 trovare informazioni dettagliate sulla procedura necessaria nella guida del tuo browser. Per una panoramica delle modalit\u00e0 di azione per i browser pi\u00f9 comuni, pu\u00f2 visitare l\u2019indirizzo <a href=\"http:\/\/www.cookiepedia.co.uk\/index.php?title=How_to_Manage_Cookies\" target=\"_blank\" rel=\"noopener\">http:\/\/www.cookiepedia.co.uk\/index.php?title=How_to_Manage_Cookies<\/a> Le societ\u00e0 pubblicitarie consentono inoltre di rinunciare alla ricezione di annunci mirati, se lo si desidera. Ci\u00f2 non impedisce l\u2019impostazione dei cookie, ma interrompe l\u2019utilizzo e la raccolta di alcuni dati da parte di tali societ\u00e0. Per maggiori informazioni e possibilit\u00e0 di rinuncia, visitare l\u2019indirizzo <a href=\"http:\/\/www.youronlinechoices.eu\/\" target=\"_blank\" rel=\"noopener\">http:\/\/www.youronlinechoices.eu\/<\/a>it\/<\/p>\n<h3 class=\"fusion-responsive-typography-calculated\" data-fontsize=\"30\" data-lineheight=\"33px\">Accettazione o rifiuto dei cookie<\/h3>\n<p class=\"chapter-paragraph\">Proseguendo nella navigazione sul sito del titolare, chiudendo la fascetta informativa o facendo click in una qualsiasi parte della pagina o scorrendola per evidenziare ulteriore contenuto, poni in essere un atto manifesto e esplicito di accettazione della Cookie Policy del titolare e verranno impostati e raccolti i cookie dei quali non si \u00e8 dichiarato il rifiuto. In caso di mancata accettazione dei cookie mediante abbandono della navigazione, eventuali cookie gi\u00e0 registrati localmente nel tuo browser rimarranno ivi registrati ma non saranno pi\u00f9 letti n\u00e9 utilizzati dal titolare fino ad una successiva ed eventuale accettazione della Policy. Tu avrai sempre la possibilit\u00e0 di rimuovere tali cookie in qualsiasi momento attraverso le modalit\u00e0 di cui ai siti citati nel paragrafo \u201cGestione dei cookie o mediante il sito <a href=\"http:\/\/www.youronlinechoices.eu\/it\/\" target=\"_blank\" rel=\"noopener\">http:\/\/www.youronlinechoices.eu\/it\/<\/a> per quelli non controllati dal titolare.<\/p>\n<h3 class=\"fusion-responsive-typography-calculated\" data-fontsize=\"30\" data-lineheight=\"33px\">Definizioni e riferimenti legali<\/h3>\n<h4 class=\"fusion-responsive-typography-calculated\" data-fontsize=\"25\" data-lineheight=\"27.5px\">Dati Personali (o Dati)<\/h4>\n<p>Costituisce dato personale qualunque informazione che, direttamente o indirettamente, anche in collegamento con qualsiasi altra informazione, ivi compreso un numero di identificazione personale, renda identificata o identificabile una persona fisica.<\/p>\n<h4 class=\"fusion-responsive-typography-calculated\" data-fontsize=\"25\" data-lineheight=\"27.5px\">Dati di Utilizzo<\/h4>\n<p>Sono le informazioni raccolte automaticamente attraverso questa Applicazione (anche da applicazioni di parti terze integrate in questa Applicazione), tra cui: gli indirizzi IP o i nomi a dominio dei computer utilizzati dall\u2019Utente che si connette con questa Applicazione, gli indirizzi in notazione URI (Uniform Resource Identifier), l\u2019orario della richiesta, il metodo utilizzato nell\u2019inoltrare la richiesta al server, la dimensione del file ottenuto in risposta, il codice numerico indicante lo stato della risposta dal server (buon fine, errore, ecc.) il paese di provenienza, le caratteristiche del browser e del sistema operativo utilizzati dal visitatore, le varie connotazioni temporali della visita (ad esempio il tempo di permanenza su ciascuna pagina) e i dettagli relativi all\u2019itinerario seguito all\u2019interno dell\u2019Applicazione, con particolare riferimento alla sequenza delle pagine consultate, ai parametri relativi al sistema operativo e all\u2019ambiente informatico dell\u2019Utente.<\/p>\n<h4 class=\"fusion-responsive-typography-calculated\" data-fontsize=\"25\" data-lineheight=\"27.5px\">Utente<\/h4>\n<p>L\u2019individuo che utilizza questa Applicazione che, salvo ove diversamente specificato, coincide con l\u2019Interessato.<\/p>\n<h4 class=\"fusion-responsive-typography-calculated\" data-fontsize=\"25\" data-lineheight=\"27.5px\">Interessato<\/h4>\n<p>La persona fisica cui si riferiscono i Dati Personali.<\/p>\n<h4 class=\"fusion-responsive-typography-calculated\" data-fontsize=\"25\" data-lineheight=\"27.5px\">Responsabile del Trattamento (o Responsabile)<\/h4>\n<p>La persona fisica, giuridica, la pubblica amministrazione e qualsiasi altro ente che tratta dati personali per conto del Titolare, secondo quanto esposto nella presente privacy policy.<\/p>\n<h4 class=\"fusion-responsive-typography-calculated\" data-fontsize=\"25\" data-lineheight=\"27.5px\">Titolare del Trattamento (o Titolare)<\/h4>\n<p>La persona fisica o giuridica, l\u2019autorit\u00e0 pubblica, il servizio o altro organismo che, singolarmente o insieme ad altri, determina le finalit\u00e0 e i mezzi del trattamento di dati personali e gli strumenti adottati, ivi comprese le misure di sicurezza relative al funzionamento ed alla fruizione di questa Applicazione. Il Titolare del Trattamento, salvo quanto diversamente specificato, \u00e8 il titolare di questa Applicazione.<\/p>\n<h4 class=\"fusion-responsive-typography-calculated\" data-fontsize=\"25\" data-lineheight=\"27.5px\">Questa Applicazione<\/h4>\n<p>Lo strumento hardware o software mediante il quale sono raccolti e trattati i Dati Personali degli Utenti.<\/p>\n<h4 class=\"fusion-responsive-typography-calculated\" data-fontsize=\"25\" data-lineheight=\"27.5px\">Servizio<\/h4>\n<p>Il Servizio fornito da questa Applicazione cos\u00ec come definito nei relativi termini (se presenti) su questo sito\/applicazione.<\/p>\n<h4 class=\"fusion-responsive-typography-calculated\" data-fontsize=\"25\" data-lineheight=\"27.5px\">Unione Europea (o UE)<\/h4>\n<p>Salvo ove diversamente specificato, ogni riferimento all\u2019Unione Europea contenuto in questo documento si intende esteso a tutti gli attuali stati membri dell\u2019Unione Europea e dello Spazio Economico Europeo.<\/p>\n<h4 class=\"fusion-responsive-typography-calculated\" data-fontsize=\"25\" data-lineheight=\"27.5px\">Cookie<\/h4>\n<p>Piccola porzione di dati conservata all\u2019interno del dispositivo dell\u2019Utente.<\/p>\n<h4 class=\"fusion-responsive-typography-calculated\" data-fontsize=\"25\" data-lineheight=\"27.5px\">Riferimenti legali<\/h4>\n<p>La presente informativa privacy \u00e8 redatta sulla base di molteplici ordinamenti legislativi, inclusi gli artt. 13 e 14 del Regolamento (UE) 2016\/679. Ove non diversamente specificato, questa informativa privacy riguarda esclusivamente il sito web del titolare del trattamentodei dati indicato in cima alla pagina.<\/p>\n<\/div>\n<\/div>\n<\/div>\n<\/div>\n<\/div>\n[\/vc_column_text][\/vc_column][\/vc_row]\n","protected":false},"excerpt":{"rendered":"<p>[vc_row type=&#8221;full_width_background&#8221; full_screen_row_position=&#8221;middle&#8221; column_margin=&#8221;default&#8221; column_direction=&#8221;default&#8221; column_direction_tablet=&#8221;default&#8221; column_direction_phone=&#8221;default&#8221; scene_position=&#8221;center&#8221; top_padding=&#8221;5%&#8221; constrain_group_1=&#8221;yes&#8221; bottom_padding=&#8221;5%&#8221; text_color=&#8221;dark&#8221; text_align=&#8221;left&#8221; row_border_radius=&#8221;none&#8221; row_border_radius_applies=&#8221;bg&#8221; overflow=&#8221;visible&#8221; overlay_strength=&#8221;0.3&#8243; gradient_direction=&#8221;left_to_right&#8221; shape_divider_position=&#8221;bottom&#8221; bg_image_animation=&#8221;none&#8221; gradient_type=&#8221;default&#8221; shape_type=&#8221;&#8221;][vc_column column_padding=&#8221;no-extra-padding&#8221; column_padding_tablet=&#8221;inherit&#8221; column_padding_phone=&#8221;inherit&#8221; column_padding_position=&#8221;all&#8221; column_element_direction_desktop=&#8221;default&#8221; column_element_spacing=&#8221;default&#8221; desktop_text_alignment=&#8221;default&#8221; tablet_text_alignment=&#8221;default&#8221;&#8230;<\/p>\n","protected":false},"author":1,"featured_media":0,"parent":0,"menu_order":0,"comment_status":"closed","ping_status":"closed","template":"","meta":{"inline_featured_image":false,"footnotes":""},"class_list":["post-2407","page","type-page","status-publish"],"_links":{"self":[{"href":"https:\/\/melitta-klinik.it\/en\/wp-json\/wp\/v2\/pages\/2407","targetHints":{"allow":["GET"]}}],"collection":[{"href":"https:\/\/melitta-klinik.it\/en\/wp-json\/wp\/v2\/pages"}],"about":[{"href":"https:\/\/melitta-klinik.it\/en\/wp-json\/wp\/v2\/types\/page"}],"author":[{"embeddable":true,"href":"https:\/\/melitta-klinik.it\/en\/wp-json\/wp\/v2\/users\/1"}],"replies":[{"embeddable":true,"href":"https:\/\/melitta-klinik.it\/en\/wp-json\/wp\/v2\/comments?post=2407"}],"version-history":[{"count":0,"href":"https:\/\/melitta-klinik.it\/en\/wp-json\/wp\/v2\/pages\/2407\/revisions"}],"wp:attachment":[{"href":"https:\/\/melitta-klinik.it\/en\/wp-json\/wp\/v2\/media?parent=2407"}],"curies":[{"name":"wp","href":"https:\/\/api.w.org\/{rel}","templated":true}]}}